{"id":1391,"date":"2019-11-25T09:07:40","date_gmt":"2019-11-25T09:07:40","guid":{"rendered":"http:\/\/wpdemo.archiwp.com\/onum\/?page_id=1391"},"modified":"2026-02-09T13:58:44","modified_gmt":"2026-02-09T13:58:44","slug":"blog-2","status":"publish","type":"page","link":"https:\/\/zayouagency.com\/fr\/blog-2\/","title":{"rendered":"Zayou Agency | Blog Communication, Publicit\u00e9 &amp; Digital"},"content":{"rendered":"<div data-elementor-type=\"wp-page\" data-elementor-id=\"1391\" class=\"elementor elementor-1391\" data-elementor-post-type=\"page\">\n\t\t\t\t\t\t<section class=\"elementor-section elementor-top-section elementor-element elementor-element-ac89bca elementor-section-boxed elementor-section-height-default elementor-section-height-default\" data-id=\"ac89bca\" data-element_type=\"section\" data-e-type=\"section\">\n\t\t\t\t\t\t<div class=\"elementor-container elementor-column-gap-default\">\n\t\t\t\t\t<div class=\"elementor-column elementor-col-100 elementor-top-column elementor-element elementor-element-505a58f ot-flex-column-vertical\" data-id=\"505a58f\" data-element_type=\"column\" data-e-type=\"column\">\n\t\t\t<div class=\"elementor-widget-wrap elementor-element-populated\">\n\t\t\t\t\t\t<div class=\"elementor-element elementor-element-f53b528 elementor-widget elementor-widget-ipost_grid\" data-id=\"f53b528\" data-element_type=\"widget\" data-e-type=\"widget\" data-widget_type=\"ipost_grid.default\">\n\t\t\t\t<div class=\"elementor-widget-container\">\n\t\t\t\t\t\r\n\t\t<div class=\"blog-grid pf_3_cols\">\r\n\t\t\t<div class=\"post-grid-sizer\"><\/div>\r\n         \r\n\t\t\t\t<article id=\"post-4747\" class=\"post-box masonry-post-item post-4747 post type-post status-publish format-standard has-post-thumbnail hentry category-agency category-business category-marketing category-seo\">\r\n\t\t\t\t\t<div class=\"post-inner\">\r\n\t\t\t\t\t    \t\t\t\t\t        <div class=\"entry-media\">\r\n\t\t\t\t\t        \t<div class=\"post-cat\"><span class=\"posted-in\"> <a href=\"https:\/\/zayouagency.com\/fr\/category\/agency\/\" rel=\"category tag\">Agency<\/a> <a href=\"https:\/\/zayouagency.com\/fr\/category\/business\/\" rel=\"category tag\">Business<\/a> <a href=\"https:\/\/zayouagency.com\/fr\/category\/marketing\/\" rel=\"category tag\">Marketing<\/a> <a href=\"https:\/\/zayouagency.com\/fr\/category\/seo\/\" rel=\"category tag\">SEO<\/a><\/span><\/div>\t\t\t\t\t            <a href=\"https:\/\/zayouagency.com\/fr\/les-avantages-dune-agence-de-marketing-digital-en-algerie-pour-votre-entreprise-guide\/\">\r\n\t\t\t\t\t                <img fetchpriority=\"high\" decoding=\"async\" width=\"1376\" height=\"768\" src=\"https:\/\/zayouagency.com\/wp-content\/uploads\/2025\/09\/avantages-banner.png\" class=\"attachment-full size-full wp-post-image\" alt=\"\" srcset=\"https:\/\/zayouagency.com\/wp-content\/uploads\/2025\/09\/avantages-banner.png 1376w, https:\/\/zayouagency.com\/wp-content\/uploads\/2025\/09\/avantages-banner-300x167.png 300w, https:\/\/zayouagency.com\/wp-content\/uploads\/2025\/09\/avantages-banner-1024x572.png 1024w, https:\/\/zayouagency.com\/wp-content\/uploads\/2025\/09\/avantages-banner-768x429.png 768w, https:\/\/zayouagency.com\/wp-content\/uploads\/2025\/09\/avantages-banner-18x10.png 18w\" sizes=\"(max-width: 1376px) 100vw, 1376px\" \/>\t\t\t\t\t            <\/a>\r\n\t\t\t\t\t        <\/div>\t\t\t\t\t       \r\n\t\t\t\t\t    \t\t\t\t\t    <div class=\"inner-post\">\r\n\t\t\t\t\t    \t<div class=\"post-cat\"><span class=\"posted-in\"> <a href=\"https:\/\/zayouagency.com\/fr\/category\/agency\/\" rel=\"category tag\">Agency<\/a> <a href=\"https:\/\/zayouagency.com\/fr\/category\/business\/\" rel=\"category tag\">Business<\/a> <a href=\"https:\/\/zayouagency.com\/fr\/category\/marketing\/\" rel=\"category tag\">Marketing<\/a> <a href=\"https:\/\/zayouagency.com\/fr\/category\/seo\/\" rel=\"category tag\">SEO<\/a><\/span><\/div>\t\t\t\t\t        <div class=\"entry-header\">\r\n\t\t\t\t\t        \t\t\t\t\t\t\t            <div class=\"entry-meta\">\r\n\t\t\t\t\t\t                <span class=\"byline\"><a class=\"url fn n\" href=\"https:\/\/zayouagency.com\/fr\/author\/admin\/\"><i class=\"flaticon-user\"><\/i> admin<\/a><\/span><span class=\"posted-on\"><a href=\"https:\/\/zayouagency.com\/fr\/les-avantages-dune-agence-de-marketing-digital-en-algerie-pour-votre-entreprise-guide\/\" rel=\"bookmark\"><i class=\"flaticon-clock\"><\/i> <time class=\"entry-date published\" datetime=\"2025-09-07T20:29:56+00:00\">7 septembre 2025<\/time><\/a><\/span><span class=\"comment-num\"><a href=\"https:\/\/zayouagency.com\/fr\/les-avantages-dune-agence-de-marketing-digital-en-algerie-pour-votre-entreprise-guide\/#respond\"><i class=\"flaticon-chat\"><\/i> 0 Comments<\/a><\/span>\t\t\t\t\t\t            <\/div><!-- .entry-meta -->\r\n\t\t\t\t\t            \t\t\t\t\t            <h3 class=\"entry-title\"><a href=\"https:\/\/zayouagency.com\/fr\/les-avantages-dune-agence-de-marketing-digital-en-algerie-pour-votre-entreprise-guide\/\" rel=\"bookmark\">Les avantages d'une agence de marketing digital en Alg\u00e9rie pour votre entreprise - Guide !<\/a><\/h3>\t\t\t\t\t        <\/div><!-- .entry-header -->\r\n\r\n\t\t\t\t\t        \t\t\t\t\t        <div class=\"entry-summary the-excerpt\">\r\n\t\t\t\t\t            Les avantages d'une agence de marketing digital en Alg\u00e9rie pour votre entreprise...\t\t\t\t\t        <\/div><!-- .entry-content -->\r\n\t\t\t\t\t        \r\n\t\t\t\t\t        \t\t\t\t\t    <\/div>\r\n\t\t\t\t\t<\/div>\r\n\t\t\t\t<\/article>\r\n\t         \r\n\t\t\t\t<article id=\"post-4730\" class=\"post-box masonry-post-item post-4730 post type-post status-publish format-standard has-post-thumbnail hentry category-business category-marketing category-seo tag-business tag-marketing tag-smm tag-startup tag-strategy tag-tips\">\r\n\t\t\t\t\t<div class=\"post-inner\">\r\n\t\t\t\t\t    \t\t\t\t\t        <div class=\"entry-media\">\r\n\t\t\t\t\t        \t<div class=\"post-cat\"><span class=\"posted-in\"> <a href=\"https:\/\/zayouagency.com\/fr\/category\/business\/\" rel=\"category tag\">Business<\/a> <a href=\"https:\/\/zayouagency.com\/fr\/category\/marketing\/\" rel=\"category tag\">Marketing<\/a> <a href=\"https:\/\/zayouagency.com\/fr\/category\/seo\/\" rel=\"category tag\">SEO<\/a><\/span><\/div>\t\t\t\t\t            <a href=\"https:\/\/zayouagency.com\/fr\/strategies-de-marketing-digital-digital-marketing-funnel\/\">\r\n\t\t\t\t\t                <img decoding=\"async\" width=\"1280\" height=\"847\" src=\"https:\/\/zayouagency.com\/wp-content\/uploads\/2025\/09\/markting-digital-.jpg\" class=\"attachment-full size-full wp-post-image\" alt=\"\" srcset=\"https:\/\/zayouagency.com\/wp-content\/uploads\/2025\/09\/markting-digital-.jpg 1280w, https:\/\/zayouagency.com\/wp-content\/uploads\/2025\/09\/markting-digital--300x199.jpg 300w, https:\/\/zayouagency.com\/wp-content\/uploads\/2025\/09\/markting-digital--1024x678.jpg 1024w, https:\/\/zayouagency.com\/wp-content\/uploads\/2025\/09\/markting-digital--768x508.jpg 768w\" sizes=\"(max-width: 1280px) 100vw, 1280px\" \/>\t\t\t\t\t            <\/a>\r\n\t\t\t\t\t        <\/div>\t\t\t\t\t       \r\n\t\t\t\t\t    \t\t\t\t\t    <div class=\"inner-post\">\r\n\t\t\t\t\t    \t<div class=\"post-cat\"><span class=\"posted-in\"> <a href=\"https:\/\/zayouagency.com\/fr\/category\/business\/\" rel=\"category tag\">Business<\/a> <a href=\"https:\/\/zayouagency.com\/fr\/category\/marketing\/\" rel=\"category tag\">Marketing<\/a> <a href=\"https:\/\/zayouagency.com\/fr\/category\/seo\/\" rel=\"category tag\">SEO<\/a><\/span><\/div>\t\t\t\t\t        <div class=\"entry-header\">\r\n\t\t\t\t\t        \t\t\t\t\t\t\t            <div class=\"entry-meta\">\r\n\t\t\t\t\t\t                <span class=\"byline\"><a class=\"url fn n\" href=\"https:\/\/zayouagency.com\/fr\/author\/admin\/\"><i class=\"flaticon-user\"><\/i> admin<\/a><\/span><span class=\"posted-on\"><a href=\"https:\/\/zayouagency.com\/fr\/strategies-de-marketing-digital-digital-marketing-funnel\/\" rel=\"bookmark\"><i class=\"flaticon-clock\"><\/i> <time class=\"entry-date published\" datetime=\"2025-09-07T20:17:54+00:00\">7 septembre 2025<\/time><\/a><\/span><span class=\"comment-num\"><a href=\"https:\/\/zayouagency.com\/fr\/strategies-de-marketing-digital-digital-marketing-funnel\/#respond\"><i class=\"flaticon-chat\"><\/i> 0 Comments<\/a><\/span>\t\t\t\t\t\t            <\/div><!-- .entry-meta -->\r\n\t\t\t\t\t            \t\t\t\t\t            <h3 class=\"entry-title\"><a href=\"https:\/\/zayouagency.com\/fr\/strategies-de-marketing-digital-digital-marketing-funnel\/\" rel=\"bookmark\">Strat\u00e9gies de Marketing Digital - L'entonnoir du marketing num\u00e9rique<\/a><\/h3>\t\t\t\t\t        <\/div><!-- .entry-header -->\r\n\r\n\t\t\t\t\t        \t\t\t\t\t        <div class=\"entry-summary the-excerpt\">\r\n\t\t\t\t\t            Strat\u00e9gies de Marketing Digital - Digital Marketing Funnel Un entonnoir de marketing num\u00e9rique...\t\t\t\t\t        <\/div><!-- .entry-content -->\r\n\t\t\t\t\t        \r\n\t\t\t\t\t        \t\t\t\t\t    <\/div>\r\n\t\t\t\t\t<\/div>\r\n\t\t\t\t<\/article>\r\n\t         \r\n\t\t\t\t<article id=\"post-26\" class=\"post-box masonry-post-item post-26 post type-post status-publish format-image has-post-thumbnail hentry category-business category-marketing tag-business tag-marketing tag-seo tag-startup tag-strategy post_format-post-format-image\">\r\n\t\t\t\t\t<div class=\"post-inner\">\r\n\t\t\t\t\t    \t\t\t\t\t    \t<div class=\"entry-media\">\r\n\t\t\t\t\t\t\t\t<div class=\"post-cat\"><span class=\"posted-in\"> <a href=\"https:\/\/zayouagency.com\/fr\/category\/business\/\" rel=\"category tag\">Business<\/a> <a href=\"https:\/\/zayouagency.com\/fr\/category\/marketing\/\" rel=\"category tag\">Marketing<\/a><\/span><\/div>\t\t\t\t\t\t\t\t\t\t\t\t\t\t\t\t\t\t\t\t\t\t\t\t\t                  \r\n\t\t\t\t\t\t\t\t        \t\t\t\t            \r\n\t\t\t\t\t\t\t\t            <a href=\"https:\/\/zayouagency.com\/fr\/meilleur-createur-de-contenu-algerien-pour-lindustrie-et-le-business\/\">\r\n\t\t\t\t\t\t\t\t            \t<img decoding=\"async\" src=\"https:\/\/zayouagency.com\/wp-content\/uploads\/2019\/11\/post-3.jpg\" alt=\"\" width=\"880\" height=\"587\">\r\n\t\t\t\t\t\t\t\t            <\/a>\r\n\t\t\t\t\t\t\t\t                        \r\n\t\t\t\t\t\t\t\t    \t\t\t\t\t\t\t\t\t\t\t\t\t\t\t<\/div>\t\t\t\t\t\t\r\n\t\t\t\t\t    \t\t\t\t\t    <div class=\"inner-post\">\r\n\t\t\t\t\t    \t\t\t\t\t\t        <div class=\"entry-header\">\r\n\t\t\t\t\t        \t\t\t\t\t\t\t            <div class=\"entry-meta\">\r\n\t\t\t\t\t\t                <span class=\"byline\"><a class=\"url fn n\" href=\"https:\/\/zayouagency.com\/fr\/author\/admin\/\"><i class=\"flaticon-user\"><\/i> admin<\/a><\/span><span class=\"posted-on\"><a href=\"https:\/\/zayouagency.com\/fr\/meilleur-createur-de-contenu-algerien-pour-lindustrie-et-le-business\/\" rel=\"bookmark\"><i class=\"flaticon-clock\"><\/i> <time class=\"entry-date published\" datetime=\"2025-01-01T12:20:05+00:00\">janvier 1, 2025<\/time><\/a><\/span><span class=\"comment-num\"><a href=\"https:\/\/zayouagency.com\/fr\/meilleur-createur-de-contenu-algerien-pour-lindustrie-et-le-business\/#respond\"><i class=\"flaticon-chat\"><\/i> 0 Comments<\/a><\/span>\t\t\t\t\t\t            <\/div><!-- .entry-meta -->\r\n\t\t\t\t\t            \t\t\t\t\t            <h3 class=\"entry-title\"><a href=\"https:\/\/zayouagency.com\/fr\/meilleur-createur-de-contenu-algerien-pour-lindustrie-et-le-business\/\" rel=\"bookmark\">Meilleur Cr\u00e9ateur de Contenu Alg\u00e9rien pour l\u2019Industrie et le Business<\/a><\/h3>\t\t\t\t\t        <\/div><!-- .entry-header -->\r\n\r\n\t\t\t\t\t        \t\t\t\t\t        <div class=\"entry-summary the-excerpt\">\r\n\t\t\t\t\t            Lotfi Your Machine est un cr\u00e9ateur de contenu alg\u00e9rien sp\u00e9cialis\u00e9 dans l\u2019industrie...\t\t\t\t\t        <\/div><!-- .entry-content -->\r\n\t\t\t\t\t        \r\n\t\t\t\t\t        \t\t\t\t\t    <\/div>\r\n\t\t\t\t\t<\/div>\r\n\t\t\t\t<\/article>\r\n\t         \r\n\t\t\t\t<article id=\"post-14\" class=\"post-box masonry-post-item post-14 post type-post status-publish format-video hentry category-business tag-startup tag-strategy post_format-post-format-video\">\r\n\t\t\t\t\t<div class=\"post-inner\">\r\n\t\t\t\t\t    \t\t\t\t\t\t\t<div class=\"entry-media\">\r\n\t\t\t\t\t\t\t\t<a class=\"btn-play\" href=\"https:\/\/vimeo.com\/87959439\">\r\n\t\t\t\t\t\t\t\t\t<i class=\"fas fa-play\"><\/i>\r\n\t\t\t\t\t\t\t\t<\/a>\r\n\t\t\t\t\t\t\t\t<div class=\"post-cat\"><span class=\"posted-in\"> <a href=\"https:\/\/zayouagency.com\/fr\/category\/business\/\" rel=\"category tag\">Business<\/a><\/span><\/div>\t\t\t\t\t\t\t\t\t\t\t\t\t\t\t\t\t\t\t\t\t\t\t\t\t                  \r\n\t\t\t\t\t\t\t\t        \t\t\t\t\t\t\t\t            <img loading=\"lazy\" decoding=\"async\" src=\"https:\/\/zayouagency.com\/wp-content\/uploads\/2019\/11\/post-6.jpg\" alt=\"\" width=\"880\" height=\"587\">\r\n\t\t\t\t\t\t\t\t                        \r\n\t\t\t\t\t\t\t\t    \t\t\t\t\t\t\t\t\t\t\t\t\t\t\t<\/div>\r\n\t\t\t\t\t    \t\t\t\t\t    <div class=\"inner-post\">\r\n\t\t\t\t\t    \t\t\t\t\t\t        <div class=\"entry-header\">\r\n\t\t\t\t\t        \t\t\t\t\t\t\t            <div class=\"entry-meta\">\r\n\t\t\t\t\t\t                <span class=\"byline\"><a class=\"url fn n\" href=\"https:\/\/zayouagency.com\/fr\/author\/admin\/\"><i class=\"flaticon-user\"><\/i> admin<\/a><\/span><span class=\"posted-on\"><a href=\"https:\/\/zayouagency.com\/fr\/best-practices-seo-syndicated-content\/\" rel=\"bookmark\"><i class=\"flaticon-clock\"><\/i> <time class=\"entry-date published updated\" datetime=\"2019-08-28T08:11:01+00:00\">ao\u00fbt 28, 2019<\/time><\/a><\/span><span class=\"comment-num\"><a href=\"https:\/\/zayouagency.com\/fr\/best-practices-seo-syndicated-content\/#respond\"><i class=\"flaticon-chat\"><\/i> 0 Comments<\/a><\/span>\t\t\t\t\t\t            <\/div><!-- .entry-meta -->\r\n\t\t\t\t\t            \t\t\t\t\t            <h3 class=\"entry-title\"><a href=\"https:\/\/zayouagency.com\/fr\/best-practices-seo-syndicated-content\/\" rel=\"bookmark\">Best Practices: SEO Syndicated Content<\/a><\/h3>\t\t\t\t\t        <\/div><!-- .entry-header -->\r\n\r\n\t\t\t\t\t        \t\t\t\t\t        <div class=\"entry-summary the-excerpt\">\r\n\t\t\t\t\t            The basic premise of search engine reputation management is to use the...\t\t\t\t\t        <\/div><!-- .entry-content -->\r\n\t\t\t\t\t        \r\n\t\t\t\t\t        \t\t\t\t\t    <\/div>\r\n\t\t\t\t\t<\/div>\r\n\t\t\t\t<\/article>\r\n\t         \r\n\t\t\t\t<article id=\"post-12\" class=\"post-box masonry-post-item post-12 post type-post status-publish format-link hentry category-business tag-smm tag-solution tag-tips post_format-post-format-link\">\r\n\t\t\t\t\t<div class=\"post-inner\">\r\n\t\t\t\t\t    \t\t\t\t\t\t\t<div class=\"link-box padding-box\">\r\n\t\t\t\t\t\t\t\t<i class=\"flaticon-link\"><\/i>\r\n\t\t\t\t\t\t\t\t<a href=\"http:\/\/victoriousseo.com\/blog\/seo-audit-first-step-towards-1-rankings\/\">SEO Audit: The First Step Towards #1 Rankings<\/a>\r\n\t\t\t\t\t\t\t<\/div>\r\n\t\t\t\t\t    \t\t\t\t\t    <div class=\"inner-post\">\r\n\t\t\t\t\t    \t<div class=\"post-cat\"><span class=\"posted-in\"> <a href=\"https:\/\/zayouagency.com\/fr\/category\/business\/\" rel=\"category tag\">Business<\/a><\/span><\/div>\t\t\t\t\t        <div class=\"entry-header\">\r\n\t\t\t\t\t        \t\t\t\t\t\t\t            <div class=\"entry-meta\">\r\n\t\t\t\t\t\t                <span class=\"byline\"><a class=\"url fn n\" href=\"https:\/\/zayouagency.com\/fr\/author\/admin\/\"><i class=\"flaticon-user\"><\/i> admin<\/a><\/span><span class=\"posted-on\"><a href=\"https:\/\/zayouagency.com\/fr\/seo-best-practice-5-seo-audit-must-haves\/\" rel=\"bookmark\"><i class=\"flaticon-clock\"><\/i> <time class=\"entry-date published updated\" datetime=\"2019-06-20T08:07:19+00:00\">juin 20, 2019<\/time><\/a><\/span><span class=\"comment-num\"><a href=\"https:\/\/zayouagency.com\/fr\/seo-best-practice-5-seo-audit-must-haves\/#respond\"><i class=\"flaticon-chat\"><\/i> 0 Comments<\/a><\/span>\t\t\t\t\t\t            <\/div><!-- .entry-meta -->\r\n\t\t\t\t\t            \t\t\t\t\t            <h3 class=\"entry-title\"><a href=\"https:\/\/zayouagency.com\/fr\/seo-best-practice-5-seo-audit-must-haves\/\" rel=\"bookmark\">SEO Best Practice: 5 SEO Audit \u201cMust Haves\u201d<\/a><\/h3>\t\t\t\t\t        <\/div><!-- .entry-header -->\r\n\r\n\t\t\t\t\t        \t\t\t\t\t        <div class=\"entry-summary the-excerpt\">\r\n\t\t\t\t\t            The basic premise of search engine reputation management is to use the...\t\t\t\t\t        <\/div><!-- .entry-content -->\r\n\t\t\t\t\t        \r\n\t\t\t\t\t        \t\t\t\t\t    <\/div>\r\n\t\t\t\t\t<\/div>\r\n\t\t\t\t<\/article>\r\n\t         \r\n\t\t\t\t<article id=\"post-10\" class=\"post-box masonry-post-item post-10 post type-post status-publish format-audio hentry category-business tag-strategy tag-tips post_format-post-format-audio\">\r\n\t\t\t\t\t<div class=\"post-inner\">\r\n\t\t\t\t\t    \t\t\t\t\t\t\t<div class=\"audio-box padding-box\">\r\n\t\t\t\t\t\t\t\t<iframe scrolling=\"no\" frameborder=\"no\" src=\"https:\/\/w.soundcloud.com\/player\/?url=https%3A\/\/api.soundcloud.com\/tracks\/224859301&#038;color=%2300c3ff\"><\/iframe>\r\n\t\t\t\t\t\t\t<\/div>\r\n\t\t\t\t\t    \t\t\t\t\t    <div class=\"inner-post\">\r\n\t\t\t\t\t    \t<div class=\"post-cat\"><span class=\"posted-in\"> <a href=\"https:\/\/zayouagency.com\/fr\/category\/business\/\" rel=\"category tag\">Business<\/a><\/span><\/div>\t\t\t\t\t        <div class=\"entry-header\">\r\n\t\t\t\t\t        \t\t\t\t\t\t\t            <div class=\"entry-meta\">\r\n\t\t\t\t\t\t                <span class=\"byline\"><a class=\"url fn n\" href=\"https:\/\/zayouagency.com\/fr\/author\/admin\/\"><i class=\"flaticon-user\"><\/i> admin<\/a><\/span><span class=\"posted-on\"><a href=\"https:\/\/zayouagency.com\/fr\/seo-101-on-page-and-off-page-ranking-factors\/\" rel=\"bookmark\"><i class=\"flaticon-clock\"><\/i> <time class=\"entry-date published updated\" datetime=\"2017-04-11T08:04:07+00:00\">avril 11, 2017<\/time><\/a><\/span><span class=\"comment-num\"><a href=\"https:\/\/zayouagency.com\/fr\/seo-101-on-page-and-off-page-ranking-factors\/#respond\"><i class=\"flaticon-chat\"><\/i> 0 Comments<\/a><\/span>\t\t\t\t\t\t            <\/div><!-- .entry-meta -->\r\n\t\t\t\t\t            \t\t\t\t\t            <h3 class=\"entry-title\"><a href=\"https:\/\/zayouagency.com\/fr\/seo-101-on-page-and-off-page-ranking-factors\/\" rel=\"bookmark\">SEO 101: On-Page and Off-Page Ranking Factors<\/a><\/h3>\t\t\t\t\t        <\/div><!-- .entry-header -->\r\n\r\n\t\t\t\t\t        \t\t\t\t\t        <div class=\"entry-summary the-excerpt\">\r\n\t\t\t\t\t            The basic premise of search engine reputation management is to use the...\t\t\t\t\t        <\/div><!-- .entry-content -->\r\n\t\t\t\t\t        \r\n\t\t\t\t\t        \t\t\t\t\t    <\/div>\r\n\t\t\t\t\t<\/div>\r\n\t\t\t\t<\/article>\r\n\t        \t    <\/div>\r\n\t    \t    \t\t\t\t\t\t<\/div>\n\t\t\t\t<\/div>\n\t\t\t\t\t<\/div>\n\t\t<\/div>\n\t\t\t\t\t<\/div>\n\t\t<\/section>\n\t\t\t\t<\/div>","protected":false},"excerpt":{"rendered":"<p>Agency Business Marketing SEO Agency Business Marketing SEO admin September 7, 2025 0 Comments Les avantages d\u2019une agence de marketing digital en Alg\u00e9rie pour votre entreprise \u2013 Guide ! Les avantages d\u2019une agence de marketing digital en Alg\u00e9rie pour votre entreprise&#8230; Business Marketing SEO Business Marketing SEO admin September 7, 2025 0 Comments Strat\u00e9gies de [&hellip;]<\/p>","protected":false},"author":1,"featured_media":0,"parent":0,"menu_order":0,"comment_status":"closed","ping_status":"closed","template":"","meta":{"pagelayer_contact_templates":[],"_pagelayer_content":"","footnotes":""},"class_list":["post-1391","page","type-page","status-publish","hentry"],"_links":{"self":[{"href":"https:\/\/zayouagency.com\/fr\/wp-json\/wp\/v2\/pages\/1391","targetHints":{"allow":["GET"]}}],"collection":[{"href":"https:\/\/zayouagency.com\/fr\/wp-json\/wp\/v2\/pages"}],"about":[{"href":"https:\/\/zayouagency.com\/fr\/wp-json\/wp\/v2\/types\/page"}],"author":[{"embeddable":true,"href":"https:\/\/zayouagency.com\/fr\/wp-json\/wp\/v2\/users\/1"}],"replies":[{"embeddable":true,"href":"https:\/\/zayouagency.com\/fr\/wp-json\/wp\/v2\/comments?post=1391"}],"version-history":[{"count":7,"href":"https:\/\/zayouagency.com\/fr\/wp-json\/wp\/v2\/pages\/1391\/revisions"}],"predecessor-version":[{"id":5299,"href":"https:\/\/zayouagency.com\/fr\/wp-json\/wp\/v2\/pages\/1391\/revisions\/5299"}],"wp:attachment":[{"href":"https:\/\/zayouagency.com\/fr\/wp-json\/wp\/v2\/media?parent=1391"}],"curies":[{"name":"wp","href":"https:\/\/api.w.org\/{rel}","templated":true}]}}